{"id":324,"date":"2024-06-09T00:18:36","date_gmt":"2024-06-09T00:18:36","guid":{"rendered":"https:\/\/yazbekadvogados.com.br\/contact\/"},"modified":"2025-08-22T21:58:24","modified_gmt":"2025-08-22T21:58:24","slug":"contact","status":"publish","type":"page","link":"https:\/\/yazbekadvogados.com.br\/en\/contact\/","title":{"rendered":"Contact"},"content":{"rendered":"\t\t<div data-elementor-type=\"wp-page\" data-elementor-id=\"324\" class=\"elementor elementor-324 elementor-26\" data-elementor-post-type=\"page\">\n\t\t\t\t<div class=\"elementor-element elementor-element-655aab0 e-con-full bannerInterno e-flex e-con e-parent\" data-id=\"655aab0\" data-element_type=\"container\">\n\t\t\t\t<div class=\"elementor-element elementor-element-0df7136 elementor-widget elementor-widget-image\" data-id=\"0df7136\" data-element_type=\"widget\" data-widget_type=\"image.default\">\n\t\t\t\t<div class=\"elementor-widget-container\">\n\t\t\t\t\t\t\t\t\t\t\t\t\t\t\t<img fetchpriority=\"high\" decoding=\"async\" width=\"1920\" height=\"435\" src=\"https:\/\/yazbekadvogados.com.br\/wp-content\/uploads\/2024\/06\/banner-contato.jpg\" class=\"attachment-full size-full wp-image-86\" alt=\"\" srcset=\"https:\/\/yazbekadvogados.com.br\/wp-content\/uploads\/2024\/06\/banner-contato.jpg 1920w, https:\/\/yazbekadvogados.com.br\/wp-content\/uploads\/2024\/06\/banner-contato-300x68.jpg 300w, https:\/\/yazbekadvogados.com.br\/wp-content\/uploads\/2024\/06\/banner-contato-1024x232.jpg 1024w, https:\/\/yazbekadvogados.com.br\/wp-content\/uploads\/2024\/06\/banner-contato-768x174.jpg 768w, https:\/\/yazbekadvogados.com.br\/wp-content\/uploads\/2024\/06\/banner-contato-1536x348.jpg 1536w\" sizes=\"(max-width: 1920px) 100vw, 1920px\" \/>\t\t\t\t\t\t\t\t\t\t\t\t\t\t\t<\/div>\n\t\t\t\t<\/div>\n\t\t\t\t<\/div>\n\t\t<div class=\"elementor-element elementor-element-544ea36 e-flex e-con-boxed e-con e-parent\" data-id=\"544ea36\" data-element_type=\"container\">\n\t\t\t\t\t<div class=\"e-con-inner\">\n\t\t<div class=\"elementor-element elementor-element-80aac8d e-con-full e-flex e-con e-child\" data-id=\"80aac8d\" data-element_type=\"container\">\n\t\t\t\t<div class=\"elementor-element elementor-element-32d91dc elementor-invisible elementor-widget elementor-widget-heading\" data-id=\"32d91dc\" data-element_type=\"widget\" data-settings=\"{&quot;_animation&quot;:&quot;fadeInLeft&quot;}\" data-widget_type=\"heading.default\">\n\t\t\t\t<div class=\"elementor-widget-container\">\n\t\t\t\t\t<h1 class=\"elementor-heading-title elementor-size-default\">Contact<\/h1>\t\t\t\t<\/div>\n\t\t\t\t<\/div>\n\t\t\t\t<\/div>\n\t\t<div class=\"elementor-element elementor-element-fb2cae0 e-con-full e-flex e-con e-child\" data-id=\"fb2cae0\" data-element_type=\"container\">\n\t\t\t\t<div class=\"elementor-element elementor-element-aba4f72 elementor-button-align-start elementor-invisible elementor-widget elementor-widget-form\" data-id=\"aba4f72\" data-element_type=\"widget\" data-settings=\"{&quot;step_next_label&quot;:&quot;Next&quot;,&quot;step_previous_label&quot;:&quot;Previous&quot;,&quot;_animation&quot;:&quot;fadeIn&quot;,&quot;button_width&quot;:&quot;100&quot;,&quot;step_type&quot;:&quot;number_text&quot;,&quot;step_icon_shape&quot;:&quot;circle&quot;}\" data-widget_type=\"form.default\">\n\t\t\t\t<div class=\"elementor-widget-container\">\n\t\t\t\t\t\t\t<form class=\"elementor-form\" method=\"post\" name=\"Contact\">\n\t\t\t<input type=\"hidden\" name=\"post_id\" value=\"324\"\/>\n\t\t\t<input type=\"hidden\" name=\"form_id\" value=\"aba4f72\"\/>\n\t\t\t<input type=\"hidden\" name=\"referer_title\" value=\"Yazbek Advogados\" \/>\n\n\t\t\t\n\t\t\t<div class=\"elementor-form-fields-wrapper elementor-labels-\">\n\t\t\t\t\t\t\t\t<div class=\"elementor-field-type-text elementor-field-group elementor-column elementor-field-group-nome elementor-col-100 elementor-field-required\">\n\t\t\t\t\t\t\t\t\t\t\t\t<label for=\"form-field-nome\" class=\"elementor-field-label elementor-screen-only\">\n\t\t\t\t\t\t\t\tName\t\t\t\t\t\t\t<\/label>\n\t\t\t\t\t\t\t\t\t\t\t\t\t\t<input size=\"1\" type=\"text\" name=\"form_fields[nome]\" id=\"form-field-nome\" class=\"elementor-field elementor-size-sm  elementor-field-textual\" placeholder=\"Name\" required=\"required\">\n\t\t\t\t\t\t\t\t\t\t\t<\/div>\n\t\t\t\t\t\t\t\t<div class=\"elementor-field-type-email elementor-field-group elementor-column elementor-field-group-email elementor-col-50 elementor-field-required\">\n\t\t\t\t\t\t\t\t\t\t\t\t<label for=\"form-field-email\" class=\"elementor-field-label elementor-screen-only\">\n\t\t\t\t\t\t\t\tEmail\t\t\t\t\t\t\t<\/label>\n\t\t\t\t\t\t\t\t\t\t\t\t\t\t<input size=\"1\" type=\"email\" name=\"form_fields[email]\" id=\"form-field-email\" class=\"elementor-field elementor-size-sm  elementor-field-textual\" placeholder=\"Email\" required=\"required\">\n\t\t\t\t\t\t\t\t\t\t\t<\/div>\n\t\t\t\t\t\t\t\t<div class=\"elementor-field-type-maskphone_with_ddd elementor-field-group elementor-column elementor-field-group-celular elementor-col-50 elementor-field-required\">\n\t\t\t\t\t\t\t\t\t\t\t\t<label for=\"form-field-celular\" class=\"elementor-field-label elementor-screen-only\">\n\t\t\t\t\t\t\t\tPhone\t\t\t\t\t\t\t<\/label>\n\t\t\t\t\t\t<input size=\"1\" type=\"tel\" name=\"form_fields[celular]\" id=\"form-field-celular\" class=\"elementor-field elementor-size-sm  elementor-field-textual phone_with_ddd\" required=\"required\" placeholder=\"Phone\">\t\t\t\t<\/div>\n\t\t\t\t\t\t\t\t<div class=\"elementor-field-type-text elementor-field-group elementor-column elementor-field-group-empresa elementor-col-50 elementor-field-required\">\n\t\t\t\t\t\t\t\t\t\t\t\t<label for=\"form-field-empresa\" class=\"elementor-field-label elementor-screen-only\">\n\t\t\t\t\t\t\t\tCompany\t\t\t\t\t\t\t<\/label>\n\t\t\t\t\t\t\t\t\t\t\t\t\t\t<input size=\"1\" type=\"text\" name=\"form_fields[empresa]\" id=\"form-field-empresa\" class=\"elementor-field elementor-size-sm  elementor-field-textual\" placeholder=\"Company\" required=\"required\">\n\t\t\t\t\t\t\t\t\t\t\t<\/div>\n\t\t\t\t\t\t\t\t<div class=\"elementor-field-type-text elementor-field-group elementor-column elementor-field-group-cargo elementor-col-50 elementor-field-required\">\n\t\t\t\t\t\t\t\t\t\t\t\t<label for=\"form-field-cargo\" class=\"elementor-field-label elementor-screen-only\">\n\t\t\t\t\t\t\t\tPosition\t\t\t\t\t\t\t<\/label>\n\t\t\t\t\t\t\t\t\t\t\t\t\t\t<input size=\"1\" type=\"text\" name=\"form_fields[cargo]\" id=\"form-field-cargo\" class=\"elementor-field elementor-size-sm  elementor-field-textual\" placeholder=\"Position\" required=\"required\">\n\t\t\t\t\t\t\t\t\t\t\t<\/div>\n\t\t\t\t\t\t\t\t<div class=\"elementor-field-type-textarea elementor-field-group elementor-column elementor-field-group-mensagem elementor-col-100 elementor-field-required\">\n\t\t\t\t\t\t\t\t\t\t\t\t<label for=\"form-field-mensagem\" class=\"elementor-field-label elementor-screen-only\">\n\t\t\t\t\t\t\t\tMessage\t\t\t\t\t\t\t<\/label>\n\t\t\t\t\t\t<textarea class=\"elementor-field-textual elementor-field  elementor-size-sm\" name=\"form_fields[mensagem]\" id=\"form-field-mensagem\" rows=\"6\" placeholder=\"Message\" required=\"required\"><\/textarea>\t\t\t\t<\/div>\n\t\t\t\t\t\t\t\t<div class=\"elementor-field-group elementor-column elementor-field-type-submit elementor-col-100 e-form__buttons\">\n\t\t\t\t\t<button class=\"elementor-button elementor-size-sm\" type=\"submit\">\n\t\t\t\t\t\t<span class=\"elementor-button-content-wrapper\">\n\t\t\t\t\t\t\t\t\t\t\t\t\t\t\t\t\t\t\t\t\t\t<span class=\"elementor-button-text\">Send<\/span>\n\t\t\t\t\t\t\t\t\t\t\t\t\t<\/span>\n\t\t\t\t\t<\/button>\n\t\t\t\t<\/div>\n\t\t\t<\/div>\n\t\t<\/form>\n\t\t\t\t\t\t<\/div>\n\t\t\t\t<\/div>\n\t\t\t\t<\/div>\n\t\t\t\t\t<\/div>\n\t\t\t\t<\/div>\n\t\t<div class=\"elementor-element elementor-element-d546c0b e-flex e-con-boxed e-con e-parent\" data-id=\"d546c0b\" data-element_type=\"container\">\n\t\t\t\t\t<div class=\"e-con-inner\">\n\t\t<div class=\"elementor-element elementor-element-49278d5 e-con-full e-flex e-con e-child\" data-id=\"49278d5\" data-element_type=\"container\">\n\t\t\t\t<div class=\"elementor-element elementor-element-5f25ed8 elementor-invisible elementor-widget elementor-widget-heading\" data-id=\"5f25ed8\" data-element_type=\"widget\" data-settings=\"{&quot;_animation&quot;:&quot;fadeInLeft&quot;}\" data-widget_type=\"heading.default\">\n\t\t\t\t<div class=\"elementor-widget-container\">\n\t\t\t\t\t<h2 class=\"elementor-heading-title elementor-size-default\">Address<\/h2>\t\t\t\t<\/div>\n\t\t\t\t<\/div>\n\t\t\t\t<div class=\"elementor-element elementor-element-0da09b0 elementor-invisible elementor-widget elementor-widget-text-editor\" data-id=\"0da09b0\" data-element_type=\"widget\" data-settings=\"{&quot;_animation&quot;:&quot;fadeInLeft&quot;}\" data-widget_type=\"text-editor.default\">\n\t\t\t\t<div class=\"elementor-widget-container\">\n\t\t\t\t\t\t\t\t\t<p>Rua do Rocio, 350 &#8211; 9\u00ba andar <br \/>Vila Ol\u00edmpia &#8211; S\u00e3o Paulo \/ SP <br \/>ZIP 04552-000 <br \/>+55 11 3552-4040 <br \/>contato@yazbekadvogados.com.br<\/p>\t\t\t\t\t\t\t\t<\/div>\n\t\t\t\t<\/div>\n\t\t\t\t<\/div>\n\t\t<div class=\"elementor-element elementor-element-4b70715 e-con-full e-flex e-con e-child\" data-id=\"4b70715\" data-element_type=\"container\">\n\t\t\t\t<div class=\"elementor-element elementor-element-6d1eecf elementor-invisible elementor-widget elementor-widget-image\" data-id=\"6d1eecf\" data-element_type=\"widget\" data-settings=\"{&quot;_animation&quot;:&quot;fadeIn&quot;}\" data-widget_type=\"image.default\">\n\t\t\t\t<div class=\"elementor-widget-container\">\n\t\t\t\t\t\t\t\t\t\t\t\t\t\t\t<img decoding=\"async\" width=\"800\" height=\"371\" src=\"https:\/\/yazbekadvogados.com.br\/wp-content\/uploads\/2024\/06\/mapa-1024x475.jpg\" class=\"attachment-large size-large wp-image-87\" alt=\"\" srcset=\"https:\/\/yazbekadvogados.com.br\/wp-content\/uploads\/2024\/06\/mapa-1024x475.jpg 1024w, https:\/\/yazbekadvogados.com.br\/wp-content\/uploads\/2024\/06\/mapa-300x139.jpg 300w, https:\/\/yazbekadvogados.com.br\/wp-content\/uploads\/2024\/06\/mapa-768x356.jpg 768w, https:\/\/yazbekadvogados.com.br\/wp-content\/uploads\/2024\/06\/mapa.jpg 1466w\" sizes=\"(max-width: 800px) 100vw, 800px\" \/>\t\t\t\t\t\t\t\t\t\t\t\t\t\t\t<\/div>\n\t\t\t\t<\/div>\n\t\t\t\t<\/div>\n\t\t\t\t\t<\/div>\n\t\t\t\t<\/div>\n\t\t\t\t<\/div>\n\t\t","protected":false},"excerpt":{"rendered":"<p>Contact Address Rua do Rocio, 350 &#8211; 9\u00ba andar Vila Ol\u00edmpia &#8211; S\u00e3o Paulo \/ SP ZIP 04552-000 +55 11 3552-4040 contato@yazbekadvogados.com.br<\/p>\n","protected":false},"author":1,"featured_media":0,"parent":0,"menu_order":0,"comment_status":"closed","ping_status":"closed","template":"","meta":{"footnotes":""},"class_list":["post-324","page","type-page","status-publish","hentry"],"yoast_head":"<!-- This site is optimized with the Yoast SEO plugin v25.3 - https:\/\/yoast.com\/wordpress\/plugins\/seo\/ -->\n<title>Contact - Yazbek Advogados<\/title>\n<meta name=\"robots\" content=\"index, follow, max-snippet:-1, max-image-preview:large, max-video-preview:-1\" \/>\n<link rel=\"canonical\" href=\"https:\/\/yazbekadvogados.com.br\/en\/contact\/\" \/>\n<meta property=\"og:locale\" content=\"en_US\" \/>\n<meta property=\"og:type\" content=\"article\" \/>\n<meta property=\"og:title\" content=\"Contact - Yazbek Advogados\" \/>\n<meta property=\"og:description\" content=\"Contact Address Rua do Rocio, 350 &#8211; 9\u00ba andar Vila Ol\u00edmpia &#8211; S\u00e3o Paulo \/ SP ZIP 04552-000 +55 11 3552-4040 contato@yazbekadvogados.com.br\" \/>\n<meta property=\"og:url\" content=\"https:\/\/yazbekadvogados.com.br\/en\/contact\/\" \/>\n<meta property=\"og:site_name\" content=\"Yazbek Advogados\" \/>\n<meta property=\"article:modified_time\" content=\"2025-08-22T21:58:24+00:00\" \/>\n<meta property=\"og:image\" content=\"https:\/\/yazbekadvogados.com.br\/wp-content\/uploads\/2024\/06\/banner-contato.jpg\" \/>\n\t<meta property=\"og:image:width\" content=\"1920\" \/>\n\t<meta property=\"og:image:height\" content=\"435\" \/>\n\t<meta property=\"og:image:type\" content=\"image\/jpeg\" \/>\n<meta name=\"twitter:card\" content=\"summary_large_image\" \/>\n<meta name=\"twitter:label1\" content=\"Est. reading time\" \/>\n\t<meta name=\"twitter:data1\" content=\"1 minute\" \/>\n<script type=\"application\/ld+json\" class=\"yoast-schema-graph\">{\"@context\":\"https:\/\/schema.org\",\"@graph\":[{\"@type\":\"WebPage\",\"@id\":\"https:\/\/yazbekadvogados.com.br\/en\/contact\/\",\"url\":\"https:\/\/yazbekadvogados.com.br\/en\/contact\/\",\"name\":\"Contact - Yazbek Advogados\",\"isPartOf\":{\"@id\":\"https:\/\/yazbekadvogados.com.br\/#website\"},\"primaryImageOfPage\":{\"@id\":\"https:\/\/yazbekadvogados.com.br\/en\/contact\/#primaryimage\"},\"image\":{\"@id\":\"https:\/\/yazbekadvogados.com.br\/en\/contact\/#primaryimage\"},\"thumbnailUrl\":\"https:\/\/yazbekadvogados.com.br\/wp-content\/uploads\/2024\/06\/banner-contato.jpg\",\"datePublished\":\"2024-06-09T00:18:36+00:00\",\"dateModified\":\"2025-08-22T21:58:24+00:00\",\"breadcrumb\":{\"@id\":\"https:\/\/yazbekadvogados.com.br\/en\/contact\/#breadcrumb\"},\"inLanguage\":\"en-US\",\"potentialAction\":[{\"@type\":\"ReadAction\",\"target\":[\"https:\/\/yazbekadvogados.com.br\/en\/contact\/\"]}]},{\"@type\":\"ImageObject\",\"inLanguage\":\"en-US\",\"@id\":\"https:\/\/yazbekadvogados.com.br\/en\/contact\/#primaryimage\",\"url\":\"https:\/\/yazbekadvogados.com.br\/wp-content\/uploads\/2024\/06\/banner-contato.jpg\",\"contentUrl\":\"https:\/\/yazbekadvogados.com.br\/wp-content\/uploads\/2024\/06\/banner-contato.jpg\"},{\"@type\":\"BreadcrumbList\",\"@id\":\"https:\/\/yazbekadvogados.com.br\/en\/contact\/#breadcrumb\",\"itemListElement\":[{\"@type\":\"ListItem\",\"position\":1,\"name\":\"Home\",\"item\":\"https:\/\/yazbekadvogados.com.br\/\"},{\"@type\":\"ListItem\",\"position\":2,\"name\":\"Contact\"}]},{\"@type\":\"WebSite\",\"@id\":\"https:\/\/yazbekadvogados.com.br\/#website\",\"url\":\"https:\/\/yazbekadvogados.com.br\/\",\"name\":\"Yazbek Advogados\",\"description\":\"Yazbek Advogados \u00e9 um escrit\u00f3rio especializado em quest\u00f5es estrat\u00e9gicas de direito societ\u00e1rio e mercado de capitais, compliance, governan\u00e7a corporativa e fus\u00f5es e aquisi\u00e7\u00f5es.\",\"potentialAction\":[{\"@type\":\"SearchAction\",\"target\":{\"@type\":\"EntryPoint\",\"urlTemplate\":\"https:\/\/yazbekadvogados.com.br\/?s={search_term_string}\"},\"query-input\":{\"@type\":\"PropertyValueSpecification\",\"valueRequired\":true,\"valueName\":\"search_term_string\"}}],\"inLanguage\":\"en-US\"}]}<\/script>\n<!-- \/ Yoast SEO plugin. -->","yoast_head_json":{"title":"Contact - Yazbek Advogados","robots":{"index":"index","follow":"follow","max-snippet":"max-snippet:-1","max-image-preview":"max-image-preview:large","max-video-preview":"max-video-preview:-1"},"canonical":"https:\/\/yazbekadvogados.com.br\/en\/contact\/","og_locale":"en_US","og_type":"article","og_title":"Contact - Yazbek Advogados","og_description":"Contact Address Rua do Rocio, 350 &#8211; 9\u00ba andar Vila Ol\u00edmpia &#8211; S\u00e3o Paulo \/ SP ZIP 04552-000 +55 11 3552-4040 contato@yazbekadvogados.com.br","og_url":"https:\/\/yazbekadvogados.com.br\/en\/contact\/","og_site_name":"Yazbek Advogados","article_modified_time":"2025-08-22T21:58:24+00:00","og_image":[{"width":1920,"height":435,"url":"https:\/\/yazbekadvogados.com.br\/wp-content\/uploads\/2024\/06\/banner-contato.jpg","type":"image\/jpeg"}],"twitter_card":"summary_large_image","twitter_misc":{"Est. reading time":"1 minute"},"schema":{"@context":"https:\/\/schema.org","@graph":[{"@type":"WebPage","@id":"https:\/\/yazbekadvogados.com.br\/en\/contact\/","url":"https:\/\/yazbekadvogados.com.br\/en\/contact\/","name":"Contact - Yazbek Advogados","isPartOf":{"@id":"https:\/\/yazbekadvogados.com.br\/#website"},"primaryImageOfPage":{"@id":"https:\/\/yazbekadvogados.com.br\/en\/contact\/#primaryimage"},"image":{"@id":"https:\/\/yazbekadvogados.com.br\/en\/contact\/#primaryimage"},"thumbnailUrl":"https:\/\/yazbekadvogados.com.br\/wp-content\/uploads\/2024\/06\/banner-contato.jpg","datePublished":"2024-06-09T00:18:36+00:00","dateModified":"2025-08-22T21:58:24+00:00","breadcrumb":{"@id":"https:\/\/yazbekadvogados.com.br\/en\/contact\/#breadcrumb"},"inLanguage":"en-US","potentialAction":[{"@type":"ReadAction","target":["https:\/\/yazbekadvogados.com.br\/en\/contact\/"]}]},{"@type":"ImageObject","inLanguage":"en-US","@id":"https:\/\/yazbekadvogados.com.br\/en\/contact\/#primaryimage","url":"https:\/\/yazbekadvogados.com.br\/wp-content\/uploads\/2024\/06\/banner-contato.jpg","contentUrl":"https:\/\/yazbekadvogados.com.br\/wp-content\/uploads\/2024\/06\/banner-contato.jpg"},{"@type":"BreadcrumbList","@id":"https:\/\/yazbekadvogados.com.br\/en\/contact\/#breadcrumb","itemListElement":[{"@type":"ListItem","position":1,"name":"Home","item":"https:\/\/yazbekadvogados.com.br\/"},{"@type":"ListItem","position":2,"name":"Contact"}]},{"@type":"WebSite","@id":"https:\/\/yazbekadvogados.com.br\/#website","url":"https:\/\/yazbekadvogados.com.br\/","name":"Yazbek Advogados","description":"Yazbek Advogados \u00e9 um escrit\u00f3rio especializado em quest\u00f5es estrat\u00e9gicas de direito societ\u00e1rio e mercado de capitais, compliance, governan\u00e7a corporativa e fus\u00f5es e aquisi\u00e7\u00f5es.","potentialAction":[{"@type":"SearchAction","target":{"@type":"EntryPoint","urlTemplate":"https:\/\/yazbekadvogados.com.br\/?s={search_term_string}"},"query-input":{"@type":"PropertyValueSpecification","valueRequired":true,"valueName":"search_term_string"}}],"inLanguage":"en-US"}]}},"_links":{"self":[{"href":"https:\/\/yazbekadvogados.com.br\/en\/wp-json\/wp\/v2\/pages\/324","targetHints":{"allow":["GET"]}}],"collection":[{"href":"https:\/\/yazbekadvogados.com.br\/en\/wp-json\/wp\/v2\/pages"}],"about":[{"href":"https:\/\/yazbekadvogados.com.br\/en\/wp-json\/wp\/v2\/types\/page"}],"author":[{"embeddable":true,"href":"https:\/\/yazbekadvogados.com.br\/en\/wp-json\/wp\/v2\/users\/1"}],"replies":[{"embeddable":true,"href":"https:\/\/yazbekadvogados.com.br\/en\/wp-json\/wp\/v2\/comments?post=324"}],"version-history":[{"count":13,"href":"https:\/\/yazbekadvogados.com.br\/en\/wp-json\/wp\/v2\/pages\/324\/revisions"}],"predecessor-version":[{"id":496,"href":"https:\/\/yazbekadvogados.com.br\/en\/wp-json\/wp\/v2\/pages\/324\/revisions\/496"}],"wp:attachment":[{"href":"https:\/\/yazbekadvogados.com.br\/en\/wp-json\/wp\/v2\/media?parent=324"}],"curies":[{"name":"wp","href":"https:\/\/api.w.org\/{rel}","templated":true}]}}