{"id":320,"date":"2024-06-09T00:18:04","date_gmt":"2024-06-09T00:18:04","guid":{"rendered":"https:\/\/yazbekadvogados.com.br\/office\/"},"modified":"2025-06-09T09:53:43","modified_gmt":"2025-06-09T09:53:43","slug":"our-practice","status":"publish","type":"page","link":"https:\/\/yazbekadvogados.com.br\/en\/our-practice\/","title":{"rendered":"Our Practice"},"content":{"rendered":"\t\t<div data-elementor-type=\"wp-page\" data-elementor-id=\"320\" class=\"elementor elementor-320 elementor-22\" data-elementor-post-type=\"page\">\n\t\t\t\t<div class=\"elementor-element elementor-element-5461a4e e-con-full bannerInterno e-flex e-con e-parent\" data-id=\"5461a4e\" data-element_type=\"container\">\n\t\t\t\t<div class=\"elementor-element elementor-element-b470ace elementor-widget elementor-widget-image\" data-id=\"b470ace\" data-element_type=\"widget\" data-widget_type=\"image.default\">\n\t\t\t\t<div class=\"elementor-widget-container\">\n\t\t\t\t\t\t\t\t\t\t\t\t\t\t\t<img fetchpriority=\"high\" decoding=\"async\" width=\"1920\" height=\"435\" src=\"https:\/\/yazbekadvogados.com.br\/wp-content\/uploads\/2024\/06\/banner-escritorio.jpg\" class=\"attachment-full size-full wp-image-56\" alt=\"\" srcset=\"https:\/\/yazbekadvogados.com.br\/wp-content\/uploads\/2024\/06\/banner-escritorio.jpg 1920w, https:\/\/yazbekadvogados.com.br\/wp-content\/uploads\/2024\/06\/banner-escritorio-300x68.jpg 300w, https:\/\/yazbekadvogados.com.br\/wp-content\/uploads\/2024\/06\/banner-escritorio-1024x232.jpg 1024w, https:\/\/yazbekadvogados.com.br\/wp-content\/uploads\/2024\/06\/banner-escritorio-768x174.jpg 768w, https:\/\/yazbekadvogados.com.br\/wp-content\/uploads\/2024\/06\/banner-escritorio-1536x348.jpg 1536w\" sizes=\"(max-width: 1920px) 100vw, 1920px\" \/>\t\t\t\t\t\t\t\t\t\t\t\t\t\t\t<\/div>\n\t\t\t\t<\/div>\n\t\t\t\t<\/div>\n\t\t<div class=\"elementor-element elementor-element-652b2be e-flex e-con-boxed e-con e-parent\" data-id=\"652b2be\" data-element_type=\"container\">\n\t\t\t\t\t<div class=\"e-con-inner\">\n\t\t<div class=\"elementor-element elementor-element-4ba4e84 e-con-full e-flex e-con e-child\" data-id=\"4ba4e84\" data-element_type=\"container\">\n\t\t\t\t<div class=\"elementor-element elementor-element-f185922 elementor-invisible elementor-widget elementor-widget-heading\" data-id=\"f185922\" data-element_type=\"widget\" data-settings=\"{&quot;_animation&quot;:&quot;fadeInLeft&quot;}\" data-widget_type=\"heading.default\">\n\t\t\t\t<div class=\"elementor-widget-container\">\n\t\t\t\t\t<h1 class=\"elementor-heading-title elementor-size-default\">Our Practice<\/h1>\t\t\t\t<\/div>\n\t\t\t\t<\/div>\n\t\t\t\t<div class=\"elementor-element elementor-element-28f38b4 elementor-hidden-desktop elementor-hidden-tablet elementor-hidden-mobile elementor-invisible elementor-widget elementor-widget-heading\" data-id=\"28f38b4\" data-element_type=\"widget\" data-settings=\"{&quot;_animation&quot;:&quot;fadeInLeft&quot;}\" data-widget_type=\"heading.default\">\n\t\t\t\t<div class=\"elementor-widget-container\">\n\t\t\t\t\t<h2 class=\"elementor-heading-title elementor-size-default\">More than 10 years of <br>\nhistory consolidated with <br>\nexcellent work<\/h2>\t\t\t\t<\/div>\n\t\t\t\t<\/div>\n\t\t\t\t<\/div>\n\t\t<div class=\"elementor-element elementor-element-6e997e8 e-con-full e-flex e-con e-child\" data-id=\"6e997e8\" data-element_type=\"container\">\n\t\t\t\t<div class=\"elementor-element elementor-element-274fbcc elementor-invisible elementor-widget elementor-widget-text-editor\" data-id=\"274fbcc\" data-element_type=\"widget\" data-settings=\"{&quot;_animation&quot;:&quot;fadeIn&quot;}\" data-widget_type=\"text-editor.default\">\n\t\t\t\t<div class=\"elementor-widget-container\">\n\t\t\t\t\t\t\t\t\t<p>Yazbek Advogados is a boutique law firm focused on strategic matters in corporate law, capital markets, compliance, corporate governance, and mergers &amp; acquisitions.<\/p><p>Founded in 2015 by Otavio Yazbek, the firm has earned recognition for its role in some of the most complex and high-impact cases in the Brazilian market \u2014 from regulatory challenges and corporate disputes and transactions to matters involving fraud and corporate misconduct.<\/p><p>With a deep commitment to quality and a clear value proposition, Yazbek Advogados intentionally works on a select number of cases, providing bespoke legal strategies crafted to meet the complexity and nuance of each client\u2019s needs.<\/p>\t\t\t\t\t\t\t\t<\/div>\n\t\t\t\t<\/div>\n\t\t\t\t<div class=\"elementor-element elementor-element-bfea93d frase elementor-hidden-desktop elementor-hidden-tablet elementor-hidden-mobile elementor-invisible elementor-widget elementor-widget-heading\" data-id=\"bfea93d\" data-element_type=\"widget\" data-settings=\"{&quot;_animation&quot;:&quot;fadeIn&quot;}\" data-widget_type=\"heading.default\">\n\t\t\t\t<div class=\"elementor-widget-container\">\n\t\t\t\t\t<h3 class=\"elementor-heading-title elementor-size-default\">\u201cLorem ipsum dolor sit amet, consectetur <br>adipiscing elit. Donec at laoreet quam\u201d<\/h3>\t\t\t\t<\/div>\n\t\t\t\t<\/div>\n\t\t\t\t<div class=\"elementor-element elementor-element-b878202 elementor-hidden-desktop elementor-hidden-tablet elementor-hidden-mobile elementor-invisible elementor-widget elementor-widget-heading\" data-id=\"b878202\" data-element_type=\"widget\" data-settings=\"{&quot;_animation&quot;:&quot;fadeIn&quot;}\" data-widget_type=\"heading.default\">\n\t\t\t\t<div class=\"elementor-widget-container\">\n\t\t\t\t\t<h3 class=\"elementor-heading-title elementor-size-default\">NOME E SOBRENOME<\/h3>\t\t\t\t<\/div>\n\t\t\t\t<\/div>\n\t\t\t\t<div class=\"elementor-element elementor-element-3b18aaf elementor-hidden-desktop elementor-hidden-tablet elementor-hidden-mobile elementor-invisible elementor-widget elementor-widget-text-editor\" data-id=\"3b18aaf\" data-element_type=\"widget\" data-settings=\"{&quot;_animation&quot;:&quot;fadeIn&quot;}\" data-widget_type=\"text-editor.default\">\n\t\t\t\t<div class=\"elementor-widget-container\">\n\t\t\t\t\t\t\t\t\t<p>Cargo e fun\u00e7\u00e3o<\/p>\t\t\t\t\t\t\t\t<\/div>\n\t\t\t\t<\/div>\n\t\t\t\t<div class=\"elementor-element elementor-element-81a0797 elementor-hidden-desktop elementor-hidden-tablet elementor-hidden-mobile elementor-widget-divider--view-line elementor-invisible elementor-widget elementor-widget-divider\" data-id=\"81a0797\" data-element_type=\"widget\" data-settings=\"{&quot;_animation&quot;:&quot;fadeIn&quot;}\" data-widget_type=\"divider.default\">\n\t\t\t\t<div class=\"elementor-widget-container\">\n\t\t\t\t\t\t\t<div class=\"elementor-divider\">\n\t\t\t<span class=\"elementor-divider-separator\">\n\t\t\t\t\t\t<\/span>\n\t\t<\/div>\n\t\t\t\t\t\t<\/div>\n\t\t\t\t<\/div>\n\t\t\t\t<\/div>\n\t\t\t\t\t<\/div>\n\t\t\t\t<\/div>\n\t\t\t\t<\/div>\n\t\t","protected":false},"excerpt":{"rendered":"<p>Our Practice More than 10 years of history consolidated with excellent work Yazbek Advogados is a boutique law firm focused on strategic matters in corporate law, capital markets, compliance, corporate governance, and mergers &amp; acquisitions. Founded in 2015 by Otavio Yazbek, the firm has earned recognition for its role in some of the most complex [&hellip;]<\/p>\n","protected":false},"author":1,"featured_media":0,"parent":0,"menu_order":0,"comment_status":"closed","ping_status":"closed","template":"","meta":{"footnotes":""},"class_list":["post-320","page","type-page","status-publish","hentry"],"yoast_head":"<!-- This site is optimized with the Yoast SEO plugin v25.3 - https:\/\/yoast.com\/wordpress\/plugins\/seo\/ -->\n<title>Our Practice - Yazbek Advogados<\/title>\n<meta name=\"robots\" content=\"index, follow, max-snippet:-1, max-image-preview:large, max-video-preview:-1\" \/>\n<link rel=\"canonical\" href=\"https:\/\/yazbekadvogados.com.br\/escritorio\/\" \/>\n<meta property=\"og:locale\" content=\"en_US\" \/>\n<meta property=\"og:type\" content=\"article\" \/>\n<meta property=\"og:title\" content=\"Our Practice - Yazbek Advogados\" \/>\n<meta property=\"og:description\" content=\"Our Practice More than 10 years of history consolidated with excellent work Yazbek Advogados is a boutique law firm focused on strategic matters in corporate law, capital markets, compliance, corporate governance, and mergers &amp; acquisitions. Founded in 2015 by Otavio Yazbek, the firm has earned recognition for its role in some of the most complex [&hellip;]\" \/>\n<meta property=\"og:url\" content=\"https:\/\/yazbekadvogados.com.br\/escritorio\/\" \/>\n<meta property=\"og:site_name\" content=\"Yazbek Advogados\" \/>\n<meta property=\"article:modified_time\" content=\"2025-06-09T09:53:43+00:00\" \/>\n<meta property=\"og:image\" content=\"https:\/\/yazbekadvogados.com.br\/wp-content\/uploads\/2024\/06\/banner-escritorio.jpg\" \/>\n\t<meta property=\"og:image:width\" content=\"1920\" \/>\n\t<meta property=\"og:image:height\" content=\"435\" \/>\n\t<meta property=\"og:image:type\" content=\"image\/jpeg\" \/>\n<meta name=\"twitter:card\" content=\"summary_large_image\" \/>\n<meta name=\"twitter:label1\" content=\"Est. reading time\" \/>\n\t<meta name=\"twitter:data1\" content=\"1 minute\" \/>\n<script type=\"application\/ld+json\" class=\"yoast-schema-graph\">{\"@context\":\"https:\/\/schema.org\",\"@graph\":[{\"@type\":\"WebPage\",\"@id\":\"https:\/\/yazbekadvogados.com.br\/escritorio\/\",\"url\":\"https:\/\/yazbekadvogados.com.br\/escritorio\/\",\"name\":\"Our Practice - Yazbek Advogados\",\"isPartOf\":{\"@id\":\"https:\/\/yazbekadvogados.com.br\/#website\"},\"primaryImageOfPage\":{\"@id\":\"https:\/\/yazbekadvogados.com.br\/escritorio\/#primaryimage\"},\"image\":{\"@id\":\"https:\/\/yazbekadvogados.com.br\/escritorio\/#primaryimage\"},\"thumbnailUrl\":\"https:\/\/yazbekadvogados.com.br\/wp-content\/uploads\/2024\/06\/banner-escritorio.jpg\",\"datePublished\":\"2024-06-09T00:18:04+00:00\",\"dateModified\":\"2025-06-09T09:53:43+00:00\",\"breadcrumb\":{\"@id\":\"https:\/\/yazbekadvogados.com.br\/escritorio\/#breadcrumb\"},\"inLanguage\":\"en-US\",\"potentialAction\":[{\"@type\":\"ReadAction\",\"target\":[\"https:\/\/yazbekadvogados.com.br\/escritorio\/\"]}]},{\"@type\":\"ImageObject\",\"inLanguage\":\"en-US\",\"@id\":\"https:\/\/yazbekadvogados.com.br\/escritorio\/#primaryimage\",\"url\":\"https:\/\/yazbekadvogados.com.br\/wp-content\/uploads\/2024\/06\/banner-escritorio.jpg\",\"contentUrl\":\"https:\/\/yazbekadvogados.com.br\/wp-content\/uploads\/2024\/06\/banner-escritorio.jpg\"},{\"@type\":\"BreadcrumbList\",\"@id\":\"https:\/\/yazbekadvogados.com.br\/escritorio\/#breadcrumb\",\"itemListElement\":[{\"@type\":\"ListItem\",\"position\":1,\"name\":\"Home\",\"item\":\"https:\/\/yazbekadvogados.com.br\/\"},{\"@type\":\"ListItem\",\"position\":2,\"name\":\"Our Practice\"}]},{\"@type\":\"WebSite\",\"@id\":\"https:\/\/yazbekadvogados.com.br\/#website\",\"url\":\"https:\/\/yazbekadvogados.com.br\/\",\"name\":\"Yazbek Advogados\",\"description\":\"Yazbek Advogados \u00e9 um escrit\u00f3rio especializado em quest\u00f5es estrat\u00e9gicas de direito societ\u00e1rio e mercado de capitais, compliance, governan\u00e7a corporativa e fus\u00f5es e aquisi\u00e7\u00f5es.\",\"potentialAction\":[{\"@type\":\"SearchAction\",\"target\":{\"@type\":\"EntryPoint\",\"urlTemplate\":\"https:\/\/yazbekadvogados.com.br\/?s={search_term_string}\"},\"query-input\":{\"@type\":\"PropertyValueSpecification\",\"valueRequired\":true,\"valueName\":\"search_term_string\"}}],\"inLanguage\":\"en-US\"}]}<\/script>\n<!-- \/ Yoast SEO plugin. -->","yoast_head_json":{"title":"Our Practice - Yazbek Advogados","robots":{"index":"index","follow":"follow","max-snippet":"max-snippet:-1","max-image-preview":"max-image-preview:large","max-video-preview":"max-video-preview:-1"},"canonical":"https:\/\/yazbekadvogados.com.br\/escritorio\/","og_locale":"en_US","og_type":"article","og_title":"Our Practice - Yazbek Advogados","og_description":"Our Practice More than 10 years of history consolidated with excellent work Yazbek Advogados is a boutique law firm focused on strategic matters in corporate law, capital markets, compliance, corporate governance, and mergers &amp; acquisitions. Founded in 2015 by Otavio Yazbek, the firm has earned recognition for its role in some of the most complex [&hellip;]","og_url":"https:\/\/yazbekadvogados.com.br\/escritorio\/","og_site_name":"Yazbek Advogados","article_modified_time":"2025-06-09T09:53:43+00:00","og_image":[{"width":1920,"height":435,"url":"https:\/\/yazbekadvogados.com.br\/wp-content\/uploads\/2024\/06\/banner-escritorio.jpg","type":"image\/jpeg"}],"twitter_card":"summary_large_image","twitter_misc":{"Est. reading time":"1 minute"},"schema":{"@context":"https:\/\/schema.org","@graph":[{"@type":"WebPage","@id":"https:\/\/yazbekadvogados.com.br\/escritorio\/","url":"https:\/\/yazbekadvogados.com.br\/escritorio\/","name":"Our Practice - Yazbek Advogados","isPartOf":{"@id":"https:\/\/yazbekadvogados.com.br\/#website"},"primaryImageOfPage":{"@id":"https:\/\/yazbekadvogados.com.br\/escritorio\/#primaryimage"},"image":{"@id":"https:\/\/yazbekadvogados.com.br\/escritorio\/#primaryimage"},"thumbnailUrl":"https:\/\/yazbekadvogados.com.br\/wp-content\/uploads\/2024\/06\/banner-escritorio.jpg","datePublished":"2024-06-09T00:18:04+00:00","dateModified":"2025-06-09T09:53:43+00:00","breadcrumb":{"@id":"https:\/\/yazbekadvogados.com.br\/escritorio\/#breadcrumb"},"inLanguage":"en-US","potentialAction":[{"@type":"ReadAction","target":["https:\/\/yazbekadvogados.com.br\/escritorio\/"]}]},{"@type":"ImageObject","inLanguage":"en-US","@id":"https:\/\/yazbekadvogados.com.br\/escritorio\/#primaryimage","url":"https:\/\/yazbekadvogados.com.br\/wp-content\/uploads\/2024\/06\/banner-escritorio.jpg","contentUrl":"https:\/\/yazbekadvogados.com.br\/wp-content\/uploads\/2024\/06\/banner-escritorio.jpg"},{"@type":"BreadcrumbList","@id":"https:\/\/yazbekadvogados.com.br\/escritorio\/#breadcrumb","itemListElement":[{"@type":"ListItem","position":1,"name":"Home","item":"https:\/\/yazbekadvogados.com.br\/"},{"@type":"ListItem","position":2,"name":"Our Practice"}]},{"@type":"WebSite","@id":"https:\/\/yazbekadvogados.com.br\/#website","url":"https:\/\/yazbekadvogados.com.br\/","name":"Yazbek Advogados","description":"Yazbek Advogados \u00e9 um escrit\u00f3rio especializado em quest\u00f5es estrat\u00e9gicas de direito societ\u00e1rio e mercado de capitais, compliance, governan\u00e7a corporativa e fus\u00f5es e aquisi\u00e7\u00f5es.","potentialAction":[{"@type":"SearchAction","target":{"@type":"EntryPoint","urlTemplate":"https:\/\/yazbekadvogados.com.br\/?s={search_term_string}"},"query-input":{"@type":"PropertyValueSpecification","valueRequired":true,"valueName":"search_term_string"}}],"inLanguage":"en-US"}]}},"_links":{"self":[{"href":"https:\/\/yazbekadvogados.com.br\/en\/wp-json\/wp\/v2\/pages\/320","targetHints":{"allow":["GET"]}}],"collection":[{"href":"https:\/\/yazbekadvogados.com.br\/en\/wp-json\/wp\/v2\/pages"}],"about":[{"href":"https:\/\/yazbekadvogados.com.br\/en\/wp-json\/wp\/v2\/types\/page"}],"author":[{"embeddable":true,"href":"https:\/\/yazbekadvogados.com.br\/en\/wp-json\/wp\/v2\/users\/1"}],"replies":[{"embeddable":true,"href":"https:\/\/yazbekadvogados.com.br\/en\/wp-json\/wp\/v2\/comments?post=320"}],"version-history":[{"count":17,"href":"https:\/\/yazbekadvogados.com.br\/en\/wp-json\/wp\/v2\/pages\/320\/revisions"}],"predecessor-version":[{"id":461,"href":"https:\/\/yazbekadvogados.com.br\/en\/wp-json\/wp\/v2\/pages\/320\/revisions\/461"}],"wp:attachment":[{"href":"https:\/\/yazbekadvogados.com.br\/en\/wp-json\/wp\/v2\/media?parent=320"}],"curies":[{"name":"wp","href":"https:\/\/api.w.org\/{rel}","templated":true}]}}